{"id":1057,"date":"2026-04-26T03:31:56","date_gmt":"2026-04-26T03:31:56","guid":{"rendered":"https:\/\/anuariosteeb2025.comunicarweb.com\/?page_id=1057"},"modified":"2026-04-27T00:18:47","modified_gmt":"2026-04-27T00:18:47","slug":"actividades-institucionales","status":"publish","type":"page","link":"https:\/\/carlossteeb.edu.ar\/anuario\/2025\/actividades-institucionales\/","title":{"rendered":"Actividades Institucionales"},"content":{"rendered":"\t\t<div data-elementor-type=\"wp-page\" data-elementor-id=\"1057\" class=\"elementor elementor-1057\">\n\t\t\t\t<div class=\"elementor-element elementor-element-0eb328c e-flex e-con-boxed e-con e-parent\" data-id=\"0eb328c\" data-element_type=\"container\" data-e-type=\"container\">\n\t\t\t\t\t<div class=\"e-con-inner\">\n\t\t<div class=\"elementor-element elementor-element-7f146c3 e-con-full e-flex e-con e-child\" data-id=\"7f146c3\" data-element_type=\"container\" data-e-type=\"container\" data-settings=\"{&quot;background_background&quot;:&quot;classic&quot;}\">\n\t\t<div class=\"elementor-element elementor-element-3ffcb15 e-con-full e-flex e-con e-child\" data-id=\"3ffcb15\" data-element_type=\"container\" data-e-type=\"container\">\n\t\t\t\t<div class=\"elementor-element elementor-element-e3eae12 elementor-widget elementor-widget-ucaddon_post_grid\" data-id=\"e3eae12\" data-element_type=\"widget\" data-e-type=\"widget\" data-widget_type=\"ucaddon_post_grid.default\">\n\t\t\t\t<div class=\"elementor-widget-container\">\n\t\t\t\t\t\n<!-- start Post Grid -->\n\t\t<link id='font-awesome-css' href='https:\/\/carlossteeb.edu.ar\/anuario\/2025\/wp-content\/plugins\/unlimited-elements-for-elementor\/assets_libraries\/font-awesome6\/fontawesome-all.min.css' type='text\/css' rel='stylesheet' >\n\t\t<link id='font-awesome-4-shim-css' href='https:\/\/carlossteeb.edu.ar\/anuario\/2025\/wp-content\/plugins\/unlimited-elements-for-elementor\/assets_libraries\/font-awesome6\/fontawesome-v4-shims.min.css' type='text\/css' rel='stylesheet' >\n\n<style>\/* widget: Post Grid *\/\n\n\n\n#uc_post_grid_elementor_e3eae12{\n  min-height: 1px;\n}\n\n#uc_post_grid_elementor_e3eae12.uc_post_grid_style_one .uc_post_grid_style_one_wrap {\n   display:grid;\n}\n\n\n#uc_post_grid_elementor_e3eae12 .uc_post_grid_style_one_item{\n  position:relative;\n}\n\n#uc_post_grid_elementor_e3eae12 .uc_post_image{\n  transition:0.3s;\n  position:relative;\n  overflow:hidden;\n}\n\n#uc_post_grid_elementor_e3eae12 .uc_post_image img{\n  width:100%;\n  display:block;\n  transition:0.3s;\n}\n\n\t#uc_post_grid_elementor_e3eae12 .ue-item:hover .uc_post_image img    {\n      transform:scale(1.1,1.1);\n    }\n\t\n\n#uc_post_grid_elementor_e3eae12 .uc_post_image_overlay{\n  position:absolute;\n  top:0px;\n  left:0px;\n  height:100%;\n  width:100%;\n  transition:0.3s;\n}\n\n#uc_post_grid_elementor_e3eae12 .uc_more_btn-custom-field{\n  display:inline-block;\n  text-align:center;\n  text-decoration:none;\n  transition:0.3s;\n}\n\n#uc_post_grid_elementor_e3eae12 .uc_more_btn{\n  display:inline-block;\n  text-align:center;\n  text-decoration:none;\n  transition:0.3s;\n}\n\n.ue-grid-item-category a{\n  display:inline-block;\n  font-size:10px;\n  position: relative;\n  z-index: 1;\n}\n\n#uc_post_grid_elementor_e3eae12 .ue-grid-item-posttype{\n  display:inline-block;\n  position: relative;\n  z-index: 1;\n}\n\n\n.uc_post_title{\n  font-size:21px;\n}\n\n\n#uc_post_grid_elementor_e3eae12.uc_post_grid_style_one.ue-list-view .uc_content{\n flex-grow:1;\n}\n\n\n  #uc_post_grid_elementor_e3eae12:not(.ue-list-view) .ue_post_grid_item{\n    display:flex;\n    flex-direction:column;\n  }\n  \n  #uc_post_grid_elementor_e3eae12.uc_post_grid_style_one:not(.ue-list-view) .uc_content{\n   flex-grow:1;\n  }\n\n  #uc_post_grid_elementor_e3eae12.uc_post_grid_style_one .uc_content > div{\n    height:100%;\n    display:flex;\n    flex-direction:column;\n    justify-content: space-between;  }\n\n    #uc_post_grid_elementor_e3eae12 .uc_post_button   {\n     margin-top:auto;\n   }\n  \n\n\n\n\n\t#uc_post_grid_elementor_e3eae12.uc_post_grid_style_one:not(.ue-list-view) .uc_content{\n     margin-left:20px;\n      margin-right:20px;\n      margin-top:-30px;\n      position:relative;\n    }\n\n\n\n\n\n\n\n\n\/*  for grid\/list layout switcher*\/\n\t#uc_post_grid_elementor_e3eae12.ue-list-view .uc_post_grid_style_one_item {\n     display:flex;  \n     flex-direction:row;\n    }\n    #uc_post_grid_elementor_e3eae12.ue-list-view .uc_post_grid_style_one_item > div{\n     width:50%;\n    }\n   \n    #uc_post_grid_elementor_e3eae12.ue-list-view .uc_content    {\n      display:flex;\n      flex-direction:column;\n      justify-content:center;\n    }\n \n\/*  for grid\/list layout switcher*\/\n\n#uc_post_grid_elementor_e3eae12 .ue-meta-data{  \n  display:flex !important;\n  flex-wrap: wrap;\n  line-height:1em;\n}\n\n#uc_post_grid_elementor_e3eae12 .ue-grid-item-meta-data{\n  display:inline-flex;\n  align-items:center;\n}\n\n#uc_post_grid_elementor_e3eae12 .ue-grid-item-meta-data a{\n  color:inherit;\n}\n\n.ue-grid-item-meta-data{\n  font-size:12px;\n}\n\n#uc_post_grid_elementor_e3eae12 .ue-grid-item-meta-data-icon{\n  line-height:1em;\n}\n\n#uc_post_grid_elementor_e3eae12 .ue-grid-item-meta-data-icon svg{\n  width:1em;\n  height:1em;\n}\n\n#uc_post_grid_elementor_e3eae12 .ue-debug-meta{\n  padding:10px;\n  border:1px solid red;\n  position:relative;\n  line-height:1.5em;\n  font-size:11px;\n  width:100%;\n}\n\n#uc_post_grid_elementor_e3eae12 .uc_btn_inner{\n  display:inline-flex;\n  align-items:center;\n  pointer-events:none;\n}\n\n#uc_post_grid_elementor_e3eae12 .uc_btn_inner svg{\n  width:1em;\n  height:1em;\n}\n#uc_post_grid_elementor_e3eae12 .ue_p_title{\n  pointer-events:none;\n}\n\n\n#uc_post_grid_elementor_e3eae12 .uc_content_inner{\n  width: 100%;\n}\n\n\n#uc_post_grid_elementor_e3eae12 .view-switcher-button{\n  display: flex;\n  align-items: center;\n}\n\n#uc_post_grid_elementor_e3eae12 .view-switcher-icon{\n  display: flex;\n  align-items: center;\n  line-height: 1;\n  cursor: pointer;\n  transition: all .3s ease;\n}\n\n#uc_post_grid_elementor_e3eae12 .view-switcher-icon svg{\n  height:1em;\n  width:1em;\n}\n\n#uc_post_grid_elementor_e3eae12 .view-switcher-icon.ue-hidden{\n  display: none;\n}\n\n\n#uc_post_grid_elementor_e3eae12_item1 [href=\"javascript:void(0)\"]{\n  cursor: unset;\n}\n\n\n#uc_post_grid_elementor_e3eae12_item2 [href=\"javascript:void(0)\"]{\n  cursor: unset;\n}\n\n\n#uc_post_grid_elementor_e3eae12_item3 [href=\"javascript:void(0)\"]{\n  cursor: unset;\n}\n\n\n#uc_post_grid_elementor_e3eae12_item4 [href=\"javascript:void(0)\"]{\n  cursor: unset;\n}\n\n\n#uc_post_grid_elementor_e3eae12_item5 [href=\"javascript:void(0)\"]{\n  cursor: unset;\n}\n\n\n#uc_post_grid_elementor_e3eae12_item6 [href=\"javascript:void(0)\"]{\n  cursor: unset;\n}\n\n\n<\/style>\n\n<div id=\"uc_post_grid_elementor_e3eae12\" class=\"uc_post_grid_style_one uc-filterable-grid \"  data-ajax='true'  data-filterbehave='ajax'  querydata='{&quot;count_posts&quot;:6,&quot;total_posts&quot;:7,&quot;page&quot;:1,&quot;num_pages&quot;:2}' >\n  \t\n  <div class=\"uc_post_grid_style_one_wrap ue_post_grid uc-items-wrapper ue-woo-grid\">\n    \n\n\n\n\n<div id=\"uc_post_grid_elementor_e3eae12_item1\" class=\"uc_post_grid_style_one_item ue_post_grid_item ue-item elementor-animation-sink\">\n  \n      <a class=\"uc_post_grid_style_one_image \" href='https:\/\/carlossteeb.edu.ar\/anuario\/2025\/despedida-de-marcela-aballe\/' target=\"_blank\">\n     <div class=\"uc_post_image\">\n       <img loading=\"lazy\" decoding=\"async\" src=\"https:\/\/carlossteeb.edu.ar\/anuario\/2025\/wp-content\/uploads\/2026\/05\/368de1c0-6c89-43aa-a5ee-dcbc3e49dc77-768x1024.jpg\"  src=\"https:\/\/carlossteeb.edu.ar\/anuario\/2025\/wp-content\/uploads\/2026\/05\/368de1c0-6c89-43aa-a5ee-dcbc3e49dc77-768x1024.jpg\" alt=\"368de1c0-6c89-43aa-a5ee-dcbc3e49dc77\" width=\"768\" height=\"1024\">\n       <div class=\"uc_post_image_overlay\"><\/div>\n     <\/div>\n    <\/a>\n   \n  <div class=\"uc_content\">\n    <div class=\"uc_content_inner\">\n      <div class=\"uc_content-info-wrapper\" >\n                \n                            \n        <div class=\"uc_post_title\"><a class=\"\" href='https:\/\/carlossteeb.edu.ar\/anuario\/2025\/despedida-de-marcela-aballe\/' target=\"_blank\"><div class=\"ue_p_title\">Despedida de Marcela Aballe<\/div><\/a><\/div>\t\n                 \n          <div class=\"ue-meta-data\">\n            \n                \t    \n                \n        \n\t\n                \n                \n                \n                \n    \t\t\t\n      \n            \n  <\/div>\t\n        \t<div class=\"uc_post_text\">En el 2025, la Prof. Marcela Aballe, docente de Nivel Inicial se jubil\u00f3, dej\u00e1ndonos una huella imborrable...<\/div>\n     \n                   \n                         \n                                              \n      <\/div>                      \n            <div class=\"uc_post_button\">\n        \n        <a class=\"uc_more_btn \" target=\"_blank\" href='https:\/\/carlossteeb.edu.ar\/anuario\/2025\/despedida-de-marcela-aballe\/'>\n          <div class=\"uc_btn_inner\">\n            <div class=\"uc_btn_txt\">Leer M\u00e1s<\/div>\n                      <\/div>\n      \t<\/a>\n        \n                \n      <\/div>                           \n \t<\/div>  <\/div>      \n        \n<\/div>\n\n\n\n\n\n<div id=\"uc_post_grid_elementor_e3eae12_item2\" class=\"uc_post_grid_style_one_item ue_post_grid_item ue-item elementor-animation-sink\">\n  \n      <a class=\"uc_post_grid_style_one_image \" href='https:\/\/carlossteeb.edu.ar\/anuario\/2025\/encuentro-de-directivos\/' target=\"_blank\">\n     <div class=\"uc_post_image\">\n       <img loading=\"lazy\" decoding=\"async\" src=\"https:\/\/carlossteeb.edu.ar\/anuario\/2025\/wp-content\/uploads\/2026\/05\/IMG-20250207-WA0032-768x1024.jpg\"  src=\"https:\/\/carlossteeb.edu.ar\/anuario\/2025\/wp-content\/uploads\/2026\/05\/IMG-20250207-WA0032-768x1024.jpg\" alt=\"IMG-20250207-WA0032\" width=\"768\" height=\"1024\">\n       <div class=\"uc_post_image_overlay\"><\/div>\n     <\/div>\n    <\/a>\n   \n  <div class=\"uc_content\">\n    <div class=\"uc_content_inner\">\n      <div class=\"uc_content-info-wrapper\" >\n                \n                            \n        <div class=\"uc_post_title\"><a class=\"\" href='https:\/\/carlossteeb.edu.ar\/anuario\/2025\/encuentro-de-directivos\/' target=\"_blank\"><div class=\"ue_p_title\">Encuentro de directivos<\/div><\/a><\/div>\t\n                 \n          <div class=\"ue-meta-data\">\n            \n                \t    \n                \n        \n\t\n                \n                \n                \n                \n    \t\t\t\n      \n            \n  <\/div>\t\n        \t<div class=\"uc_post_text\">Los directivos de los tres niveles junto con la Representante legal de la instituci\u00f3n y en compa\u00f1\u00eda del...<\/div>\n     \n                   \n                         \n                                              \n      <\/div>                      \n            <div class=\"uc_post_button\">\n        \n        <a class=\"uc_more_btn \" target=\"_blank\" href='https:\/\/carlossteeb.edu.ar\/anuario\/2025\/encuentro-de-directivos\/'>\n          <div class=\"uc_btn_inner\">\n            <div class=\"uc_btn_txt\">Leer M\u00e1s<\/div>\n                      <\/div>\n      \t<\/a>\n        \n                \n      <\/div>                           \n \t<\/div>  <\/div>      \n        \n<\/div>\n\n\n\n\n\n<div id=\"uc_post_grid_elementor_e3eae12_item3\" class=\"uc_post_grid_style_one_item ue_post_grid_item ue-item elementor-animation-sink\">\n  \n      <a class=\"uc_post_grid_style_one_image \" href='https:\/\/carlossteeb.edu.ar\/anuario\/2025\/el-padre-leo-y-la-catequesis\/' target=\"_blank\">\n     <div class=\"uc_post_image\">\n       <img loading=\"lazy\" decoding=\"async\" src=\"https:\/\/carlossteeb.edu.ar\/anuario\/2025\/wp-content\/uploads\/2026\/04\/IMG-20250819-WA0020-768x1024.jpg\"  src=\"https:\/\/carlossteeb.edu.ar\/anuario\/2025\/wp-content\/uploads\/2026\/04\/IMG-20250819-WA0020-768x1024.jpg\" alt=\"IMG-20250819-WA0020\" width=\"768\" height=\"1024\">\n       <div class=\"uc_post_image_overlay\"><\/div>\n     <\/div>\n    <\/a>\n   \n  <div class=\"uc_content\">\n    <div class=\"uc_content_inner\">\n      <div class=\"uc_content-info-wrapper\" >\n                \n                            \n        <div class=\"uc_post_title\"><a class=\"\" href='https:\/\/carlossteeb.edu.ar\/anuario\/2025\/el-padre-leo-y-la-catequesis\/' target=\"_blank\"><div class=\"ue_p_title\">El Padre Leo y la catequesis<\/div><\/a><\/div>\t\n                 \n          <div class=\"ue-meta-data\">\n            \n                \t    \n                \n        \n\t\n                \n                \n                \n                \n    \t\t\t\n      \n            \n  <\/div>\t\n        \t<div class=\"uc_post_text\">El padre Leo comparti\u00f3 diversos encuentros con los egresados de s\u00e9ptimo grado.&nbsp;<\/div>\n     \n                   \n                         \n                                              \n      <\/div>                      \n            <div class=\"uc_post_button\">\n        \n        <a class=\"uc_more_btn \" target=\"_blank\" href='https:\/\/carlossteeb.edu.ar\/anuario\/2025\/el-padre-leo-y-la-catequesis\/'>\n          <div class=\"uc_btn_inner\">\n            <div class=\"uc_btn_txt\">Leer M\u00e1s<\/div>\n                      <\/div>\n      \t<\/a>\n        \n                \n      <\/div>                           \n \t<\/div>  <\/div>      \n        \n<\/div>\n\n\n\n\n\n<div id=\"uc_post_grid_elementor_e3eae12_item4\" class=\"uc_post_grid_style_one_item ue_post_grid_item ue-item elementor-animation-sink\">\n  \n      <a class=\"uc_post_grid_style_one_image \" href='https:\/\/carlossteeb.edu.ar\/anuario\/2025\/silvia-beati-una-huella-imborrable-en-nuestra-escuela\/' target=\"_blank\">\n     <div class=\"uc_post_image\">\n       <img loading=\"lazy\" decoding=\"async\" src=\"https:\/\/carlossteeb.edu.ar\/anuario\/2025\/wp-content\/uploads\/2026\/04\/PHOTO-2026-03-20-17-10-28-768x1019.jpg\"  src=\"https:\/\/carlossteeb.edu.ar\/anuario\/2025\/wp-content\/uploads\/2026\/04\/PHOTO-2026-03-20-17-10-28-768x1019.jpg\" alt=\"PHOTO-2026-03-20-17-10-28\" width=\"768\" height=\"1019\">\n       <div class=\"uc_post_image_overlay\"><\/div>\n     <\/div>\n    <\/a>\n   \n  <div class=\"uc_content\">\n    <div class=\"uc_content_inner\">\n      <div class=\"uc_content-info-wrapper\" >\n                \n                            \n        <div class=\"uc_post_title\"><a class=\"\" href='https:\/\/carlossteeb.edu.ar\/anuario\/2025\/silvia-beati-una-huella-imborrable-en-nuestra-escuela\/' target=\"_blank\"><div class=\"ue_p_title\">Silvia Beati: Una Huella Imborrable en Nuestra Escuela<\/div><\/a><\/div>\t\n                 \n          <div class=\"ue-meta-data\">\n            \n                \t    \n                \n        \n\t\n                \n                \n                \n                \n    \t\t\t\n      \n            \n  <\/div>\t\n        \t<div class=\"uc_post_text\">El ciclo 2025 marca un momento de profunda emoci\u00f3n para nuestra comunidad al despedir a nuestra querida...<\/div>\n     \n                   \n                         \n                                              \n      <\/div>                      \n            <div class=\"uc_post_button\">\n        \n        <a class=\"uc_more_btn \" target=\"_blank\" href='https:\/\/carlossteeb.edu.ar\/anuario\/2025\/silvia-beati-una-huella-imborrable-en-nuestra-escuela\/'>\n          <div class=\"uc_btn_inner\">\n            <div class=\"uc_btn_txt\">Leer M\u00e1s<\/div>\n                      <\/div>\n      \t<\/a>\n        \n                \n      <\/div>                           \n \t<\/div>  <\/div>      \n        \n<\/div>\n\n\n\n\n\n<div id=\"uc_post_grid_elementor_e3eae12_item5\" class=\"uc_post_grid_style_one_item ue_post_grid_item ue-item elementor-animation-sink\">\n  \n      <a class=\"uc_post_grid_style_one_image \" href='https:\/\/carlossteeb.edu.ar\/anuario\/2025\/tortor-neque-adpiscing-diam\/' target=\"_blank\">\n     <div class=\"uc_post_image\">\n       <img loading=\"lazy\" decoding=\"async\" src=\"https:\/\/carlossteeb.edu.ar\/anuario\/2025\/wp-content\/uploads\/2016\/04\/IMG_2971-768x1365.jpg\"  src=\"https:\/\/carlossteeb.edu.ar\/anuario\/2025\/wp-content\/uploads\/2016\/04\/IMG_2971-768x1365.jpg\" alt=\"IMG_2971\" width=\"768\" height=\"1365\">\n       <div class=\"uc_post_image_overlay\"><\/div>\n     <\/div>\n    <\/a>\n   \n  <div class=\"uc_content\">\n    <div class=\"uc_content_inner\">\n      <div class=\"uc_content-info-wrapper\" >\n                \n                            \n        <div class=\"uc_post_title\"><a class=\"\" href='https:\/\/carlossteeb.edu.ar\/anuario\/2025\/tortor-neque-adpiscing-diam\/' target=\"_blank\"><div class=\"ue_p_title\">Celebraci\u00f3n Santa Vicenta<\/div><\/a><\/div>\t\n                 \n          <div class=\"ue-meta-data\">\n            \n                \t    \n                \n        \n\t\n                \n                \n                \n                \n    \t\t\t\n      \n            \n  <\/div>\t\n        \t<div class=\"uc_post_text\">Con fe y gratitud, celebramos la santidad de Vicenta Mar\u00eda Poloni, cofundadora del Instituto de las Hermanas...<\/div>\n     \n                   \n                         \n                                              \n      <\/div>                      \n            <div class=\"uc_post_button\">\n        \n        <a class=\"uc_more_btn \" target=\"_blank\" href='https:\/\/carlossteeb.edu.ar\/anuario\/2025\/tortor-neque-adpiscing-diam\/'>\n          <div class=\"uc_btn_inner\">\n            <div class=\"uc_btn_txt\">Leer M\u00e1s<\/div>\n                      <\/div>\n      \t<\/a>\n        \n                \n      <\/div>                           \n \t<\/div>  <\/div>      \n        \n<\/div>\n\n\n\n\n\n<div id=\"uc_post_grid_elementor_e3eae12_item6\" class=\"uc_post_grid_style_one_item ue_post_grid_item ue-item elementor-animation-sink\">\n  \n      <a class=\"uc_post_grid_style_one_image \" href='https:\/\/carlossteeb.edu.ar\/anuario\/2025\/sociosqu-ad-litora-torquent\/' target=\"_blank\">\n     <div class=\"uc_post_image\">\n       <img loading=\"lazy\" decoding=\"async\" src=\"https:\/\/carlossteeb.edu.ar\/anuario\/2025\/wp-content\/uploads\/2016\/04\/WhatsApp-Image-2025-11-10-at-22.09.18-2-768x1024.jpeg\"  src=\"https:\/\/carlossteeb.edu.ar\/anuario\/2025\/wp-content\/uploads\/2016\/04\/WhatsApp-Image-2025-11-10-at-22.09.18-2-768x1024.jpeg\" alt=\"WhatsApp Image 2025-11-10 at 22.09\" width=\"768\" height=\"1024\">\n       <div class=\"uc_post_image_overlay\"><\/div>\n     <\/div>\n    <\/a>\n   \n  <div class=\"uc_content\">\n    <div class=\"uc_content_inner\">\n      <div class=\"uc_content-info-wrapper\" >\n                \n                            \n        <div class=\"uc_post_title\"><a class=\"\" href='https:\/\/carlossteeb.edu.ar\/anuario\/2025\/sociosqu-ad-litora-torquent\/' target=\"_blank\"><div class=\"ue_p_title\">Misa por la Canonizaci\u00f3n<\/div><\/a><\/div>\t\n                 \n          <div class=\"ue-meta-data\">\n            \n                \t    \n                \n        \n\t\n                \n                \n                \n                \n    \t\t\t\n      \n            \n  <\/div>\t\n        \t<div class=\"uc_post_text\">El 19 de octubre de 2025, la Madre Vicenta Mar\u00eda Poloni fue declarada Santa en una emotiva ceremonia...<\/div>\n     \n                   \n                         \n                                              \n      <\/div>                      \n            <div class=\"uc_post_button\">\n        \n        <a class=\"uc_more_btn \" target=\"_blank\" href='https:\/\/carlossteeb.edu.ar\/anuario\/2025\/sociosqu-ad-litora-torquent\/'>\n          <div class=\"uc_btn_inner\">\n            <div class=\"uc_btn_txt\">Leer M\u00e1s<\/div>\n                      <\/div>\n      \t<\/a>\n        \n                \n      <\/div>                           \n \t<\/div>  <\/div>      \n        \n<\/div>\n\n  <\/div>\n<\/div>\n\n  <div id=\"uc_post_grid_elementor_e3eae12_empty_message\" class=\"ue-no-posts-found\"  style=\"display:none\" >No posts found<\/div>\n\n<!-- end Post Grid -->\t\t\t\t<\/div>\n\t\t\t\t<\/div>\n\t\t\t\t<\/div>\n\t\t\t\t<\/div>\n\t\t\t\t\t<\/div>\n\t\t\t\t<\/div>\n\t\t\t\t<\/div>\n\t\t","protected":false},"excerpt":{"rendered":"<p>skip render: ucaddon_post_grid<\/p>\n","protected":false},"author":1,"featured_media":0,"parent":0,"menu_order":0,"comment_status":"closed","ping_status":"closed","template":"elementor_header_footer","meta":{"ocean_post_layout":"","ocean_both_sidebars_style":"","ocean_both_sidebars_content_width":0,"ocean_both_sidebars_sidebars_width":0,"ocean_sidebar":"","ocean_second_sidebar":"","ocean_disable_margins":"enable","ocean_add_body_class":"","ocean_shortcode_before_top_bar":"","ocean_shortcode_after_top_bar":"","ocean_shortcode_before_header":"","ocean_shortcode_after_header":"","ocean_has_shortcode":"","ocean_shortcode_after_title":"","ocean_shortcode_before_footer_widgets":"","ocean_shortcode_after_footer_widgets":"","ocean_shortcode_before_footer_bottom":"","ocean_shortcode_after_footer_bottom":"","ocean_display_top_bar":"default","ocean_display_header":"default","ocean_header_style":"","ocean_center_header_left_menu":"","ocean_custom_header_template":"","ocean_custom_logo":0,"ocean_custom_retina_logo":0,"ocean_custom_logo_max_width":0,"ocean_custom_logo_tablet_max_width":0,"ocean_custom_logo_mobile_max_width":0,"ocean_custom_logo_max_height":0,"ocean_custom_logo_tablet_max_height":0,"ocean_custom_logo_mobile_max_height":0,"ocean_header_custom_menu":"","ocean_menu_typo_font_family":"","ocean_menu_typo_font_subset":"","ocean_menu_typo_font_size":0,"ocean_menu_typo_font_size_tablet":0,"ocean_menu_typo_font_size_mobile":0,"ocean_menu_typo_font_size_unit":"px","ocean_menu_typo_font_weight":"","ocean_menu_typo_font_weight_tablet":"","ocean_menu_typo_font_weight_mobile":"","ocean_menu_typo_transform":"","ocean_menu_typo_transform_tablet":"","ocean_menu_typo_transform_mobile":"","ocean_menu_typo_line_height":0,"ocean_menu_typo_line_height_tablet":0,"ocean_menu_typo_line_height_mobile":0,"ocean_menu_typo_line_height_unit":"","ocean_menu_typo_spacing":0,"ocean_menu_typo_spacing_tablet":0,"ocean_menu_typo_spacing_mobile":0,"ocean_menu_typo_spacing_unit":"","ocean_menu_link_color":"","ocean_menu_link_color_hover":"","ocean_menu_link_color_active":"","ocean_menu_link_background":"","ocean_menu_link_hover_background":"","ocean_menu_link_active_background":"","ocean_menu_social_links_bg":"","ocean_menu_social_hover_links_bg":"","ocean_menu_social_links_color":"","ocean_menu_social_hover_links_color":"","ocean_disable_title":"enable","ocean_disable_heading":"enable","ocean_post_title":"","ocean_post_subheading":"","ocean_post_title_style":"background-image","ocean_post_title_background_color":"","ocean_post_title_background":1460,"ocean_post_title_bg_image_position":"","ocean_post_title_bg_image_attachment":"fixed","ocean_post_title_bg_image_repeat":"no-repeat","ocean_post_title_bg_image_size":"","ocean_post_title_height":0,"ocean_post_title_bg_overlay":0.7,"ocean_post_title_bg_overlay_color":"","ocean_disable_breadcrumbs":"default","ocean_breadcrumbs_color":"","ocean_breadcrumbs_separator_color":"","ocean_breadcrumbs_links_color":"","ocean_breadcrumbs_links_hover_color":"","ocean_display_footer_widgets":"default","ocean_display_footer_bottom":"default","ocean_custom_footer_template":"","omw_enable_modal_window":"enable","footnotes":""},"class_list":["post-1057","page","type-page","status-publish","hentry","entry"],"_links":{"self":[{"href":"https:\/\/carlossteeb.edu.ar\/anuario\/2025\/wp-json\/wp\/v2\/pages\/1057","targetHints":{"allow":["GET"]}}],"collection":[{"href":"https:\/\/carlossteeb.edu.ar\/anuario\/2025\/wp-json\/wp\/v2\/pages"}],"about":[{"href":"https:\/\/carlossteeb.edu.ar\/anuario\/2025\/wp-json\/wp\/v2\/types\/page"}],"author":[{"embeddable":true,"href":"https:\/\/carlossteeb.edu.ar\/anuario\/2025\/wp-json\/wp\/v2\/users\/1"}],"replies":[{"embeddable":true,"href":"https:\/\/carlossteeb.edu.ar\/anuario\/2025\/wp-json\/wp\/v2\/comments?post=1057"}],"version-history":[{"count":8,"href":"https:\/\/carlossteeb.edu.ar\/anuario\/2025\/wp-json\/wp\/v2\/pages\/1057\/revisions"}],"predecessor-version":[{"id":1631,"href":"https:\/\/carlossteeb.edu.ar\/anuario\/2025\/wp-json\/wp\/v2\/pages\/1057\/revisions\/1631"}],"wp:attachment":[{"href":"https:\/\/carlossteeb.edu.ar\/anuario\/2025\/wp-json\/wp\/v2\/media?parent=1057"}],"curies":[{"name":"wp","href":"https:\/\/api.w.org\/{rel}","templated":true}]}}